{"id":85,"date":"2026-01-02T22:17:09","date_gmt":"2026-01-02T21:17:09","guid":{"rendered":"https:\/\/robimygale.pl\/?page_id=85"},"modified":"2026-01-03T01:30:26","modified_gmt":"2026-01-03T00:30:26","slug":"galki-zmiany-biegow-na-zamowienie","status":"publish","type":"page","link":"https:\/\/robimygale.pl\/","title":{"rendered":"ROBIMY GA\u0141E zmiany bieg\u00f3w na zam\u00f3wienie!"},"content":{"rendered":"\t\t<div data-elementor-type=\"wp-page\" data-elementor-id=\"85\" class=\"elementor elementor-85\">\n\t\t\t\t<div class=\"elementor-element elementor-element-6de8c890 e-flex e-con-boxed e-con e-parent\" data-id=\"6de8c890\" data-element_type=\"container\">\n\t\t\t\t\t<div class=\"e-con-inner\">\n\t\t\t\t<div class=\"elementor-element elementor-element-3093b11 elementor-widget elementor-widget-button\" data-id=\"3093b11\" data-element_type=\"widget\" data-widget_type=\"button.default\">\n\t\t\t\t\t\t\t\t\t\t<a class=\"elementor-button elementor-button-link elementor-size-sm\" href=\"https:\/\/robimygale.pl\/?product_cat=galki-zmiany-biegow-na-zamowinie\">\n\t\t\t\t\t\t<span class=\"elementor-button-content-wrapper\">\n\t\t\t\t\t\t\t\t\t<span class=\"elementor-button-text\">Zam\u00f3w sobie ga\u0142e!<\/span>\n\t\t\t\t\t<\/span>\n\t\t\t\t\t<\/a>\n\t\t\t\t\t\t\t\t<\/div>\n\t\t\t\t<div class=\"elementor-element elementor-element-d329a4a elementor-widget-divider--view-line elementor-widget elementor-widget-divider\" data-id=\"d329a4a\" data-element_type=\"widget\" data-widget_type=\"divider.default\">\n\t\t\t\t\t\t\t<div class=\"elementor-divider\">\n\t\t\t<span class=\"elementor-divider-separator\">\n\t\t\t\t\t\t<\/span>\n\t\t<\/div>\n\t\t\t\t\t\t<\/div>\n\t\t\t\t<div class=\"elementor-element elementor-element-7fe04fa2 elementor-widget elementor-widget-text-editor\" data-id=\"7fe04fa2\" data-element_type=\"widget\" data-widget_type=\"text-editor.default\">\n\t\t\t\t\t\t\t\t\t\n<p>Wykonujemy r\u0119cznie robione ga\u0142ki do zmiany bieg\u00f3w z naturalnego drewna oraz z wysokiej jako\u015bci \u017cywicy epoksydowej. Cz\u0119sto \u0142\u0105czymy obie techniki, tworz\u0105c unikalne projekty, kt\u00f3re wyr\u00f3\u017cniaj\u0105 si\u0119 wygl\u0105dem i charakterem.<\/p>\n\n<p>Dzi\u0119ki zastosowaniu \u017cywicy epoksydowej mo\u017cemy zamkn\u0105\u0107 wewn\u0105trz ga\u0142ki dok\u0142adnie to, co jest dla Ciebie wa\u017cne \u2013 od logo, przez kwiaty, owady, elementy motoryzacyjne, a\u017c po zupe\u0142nie nietypowe pomys\u0142y. Ka\u017cda ga\u0142ka jest wykonywana z dba\u0142o\u015bci\u0105 o detale i dopasowana do indywidualnych oczekiwa\u0144, dzi\u0119ki czemu staje si\u0119 nie tylko elementem wyposa\u017cenia auta, ale tak\u017ce osobistym akcentem i ma\u0142ym dzie\u0142em sztuki.<\/p>\n\n<p>Stawiamy na oryginalno\u015b\u0107, r\u0119czn\u0105 prac\u0119 i materia\u0142y, kt\u00f3re sprawiaj\u0105, \u017ce ka\u017cda ga\u0142ka jest jedyna w swoim rodzaju.<\/p>\n\t\t\t\t\t\t\t\t<\/div>\n\t\t\t\t\t<\/div>\n\t\t\t\t<\/div>\n\t\t\t\t<\/div>\n\t\t","protected":false},"excerpt":{"rendered":"<p>Zam\u00f3w sobie ga\u0142e! Wykonujemy r\u0119cznie robione ga\u0142ki do zmiany bieg\u00f3w z naturalnego drewna oraz z wysokiej jako\u015bci \u017cywicy epoksydowej. Cz\u0119sto \u0142\u0105czymy obie techniki, tworz\u0105c unikalne projekty, kt\u00f3re wyr\u00f3\u017cniaj\u0105 si\u0119 wygl\u0105dem i charakterem. Dzi\u0119ki zastosowaniu \u017cywicy epoksydowej mo\u017cemy zamkn\u0105\u0107 wewn\u0105trz ga\u0142ki dok\u0142adnie to, co jest dla Ciebie wa\u017cne \u2013 od logo, przez kwiaty, owady, elementy motoryzacyjne, a\u017c po zupe\u0142nie nietypowe pomys\u0142y. Ka\u017cda ga\u0142ka jest wykonywana z dba\u0142o\u015bci\u0105 o detale i dopasowana do indywidualnych oczekiwa\u0144, dzi\u0119ki czemu staje si\u0119 nie tylko elementem wyposa\u017cenia auta, ale tak\u017ce osobistym akcentem i ma\u0142ym dzie\u0142em sztuki. Stawiamy na oryginalno\u015b\u0107, r\u0119czn\u0105 prac\u0119 i materia\u0142y, kt\u00f3re sprawiaj\u0105, \u017ce ka\u017cda ga\u0142ka jest jedyna w swoim rodzaju.<\/p>\n","protected":false},"author":1,"featured_media":0,"parent":0,"menu_order":0,"comment_status":"closed","ping_status":"closed","template":"","meta":{"footnotes":""},"class_list":["post-85","page","type-page","status-publish","hentry"],"_links":{"self":[{"href":"https:\/\/robimygale.pl\/index.php?rest_route=\/wp\/v2\/pages\/85","targetHints":{"allow":["GET"]}}],"collection":[{"href":"https:\/\/robimygale.pl\/index.php?rest_route=\/wp\/v2\/pages"}],"about":[{"href":"https:\/\/robimygale.pl\/index.php?rest_route=\/wp\/v2\/types\/page"}],"author":[{"embeddable":true,"href":"https:\/\/robimygale.pl\/index.php?rest_route=\/wp\/v2\/users\/1"}],"replies":[{"embeddable":true,"href":"https:\/\/robimygale.pl\/index.php?rest_route=%2Fwp%2Fv2%2Fcomments&post=85"}],"version-history":[{"count":13,"href":"https:\/\/robimygale.pl\/index.php?rest_route=\/wp\/v2\/pages\/85\/revisions"}],"predecessor-version":[{"id":132,"href":"https:\/\/robimygale.pl\/index.php?rest_route=\/wp\/v2\/pages\/85\/revisions\/132"}],"wp:attachment":[{"href":"https:\/\/robimygale.pl\/index.php?rest_route=%2Fwp%2Fv2%2Fmedia&parent=85"}],"curies":[{"name":"wp","href":"https:\/\/api.w.org\/{rel}","templated":true}]}}