{"id":101,"date":"2026-01-02T23:17:38","date_gmt":"2026-01-02T22:17:38","guid":{"rendered":"https:\/\/robimygale.pl\/?post_type=product&#038;p=101"},"modified":"2026-01-03T00:33:53","modified_gmt":"2026-01-02T23:33:53","slug":"galka-zmiany-biegow-z-zywicy-epoksydowej","status":"publish","type":"product","link":"https:\/\/robimygale.pl\/?product=galka-zmiany-biegow-z-zywicy-epoksydowej","title":{"rendered":"Ga\u0142ka zmiany bieg\u00f3w z \u017cywicy epoksydowej"},"content":{"rendered":"<h1 data-start=\"148\" data-end=\"225\">Ga\u0142ka zmiany bieg\u00f3w z \u017cywicy epoksydowej \u2013 unikatowy design na zam\u00f3wienie<\/h1>\n<p>&nbsp;<\/p>\n<p data-start=\"227\" data-end=\"460\">Nadaj wn\u0119trzu swojego auta niepowtarzalny charakter dzi\u0119ki <strong data-start=\"286\" data-end=\"365\">r\u0119cznie wykonanej ga\u0142ce zmiany bieg\u00f3w z wysokiej jako\u015bci \u017cywicy epoksydowej<\/strong>. Ka\u017cdy egzemplarz to unikat \u2013 tworzony z dba\u0142o\u015bci\u0105 o detale i mo\u017cliwo\u015b\u0107 pe\u0142nej personalizacji.<\/p>\n<p data-start=\"462\" data-end=\"498\">\u2728 Personalizacja bez ogranicze\u0144<\/p>\n<ul data-start=\"499\" data-end=\"942\">\n<li data-start=\"499\" data-end=\"653\">\n<p data-start=\"501\" data-end=\"653\"><strong data-start=\"501\" data-end=\"534\">Zatopienie dowolnego elementu<\/strong> \u2013 mo\u017cemy umie\u015bci\u0107 w \u017cywicy Tw\u00f3j w\u0142asny przedmiot (o odpowiednich wymiarach). Wystarczy, \u017ce wy\u015blesz go do nas kurierem.<\/p>\n<\/li>\n<li data-start=\"654\" data-end=\"832\">\n<p data-start=\"656\" data-end=\"832\"><strong data-start=\"656\" data-end=\"679\">Elementy tematyczne<\/strong> \u2013 je\u015bli nie masz w\u0142asnego dodatku, pomo\u017cemy dobra\u0107 element pasuj\u0105cy do Twoich zainteresowa\u0144 (motoryzacja, gaming, militaria, popkultura i wiele wi\u0119cej).<\/p>\n<\/li>\n<li data-start=\"833\" data-end=\"942\">\n<p data-start=\"835\" data-end=\"942\"><strong data-start=\"835\" data-end=\"848\">Wydruk 3D<\/strong> \u2013 istnieje mo\u017cliwo\u015b\u0107 zatopienia specjalnie przygotowanego elementu wykonanego na drukarce 3D.<\/p>\n<\/li>\n<\/ul>\n<p data-start=\"944\" data-end=\"970\">\ud83d\udee0\ufe0f Solidne wykonanie<\/p>\n<ul data-start=\"971\" data-end=\"1222\">\n<li data-start=\"971\" data-end=\"1069\">\n<p data-start=\"973\" data-end=\"1069\">Ga\u0142ka wykonana <strong data-start=\"988\" data-end=\"1019\">w 100% z \u017cywicy epoksydowej<\/strong> o wysokiej odporno\u015bci i estetycznym wyko\u0144czeniu<\/p>\n<\/li>\n<li data-start=\"1070\" data-end=\"1145\">\n<p data-start=\"1072\" data-end=\"1145\"><strong data-start=\"1072\" data-end=\"1089\">Stalowy gwint<\/strong> zapewniaj\u0105cy trwa\u0142o\u015b\u0107 oraz pewne i stabilne mocowanie<\/p>\n<\/li>\n<li data-start=\"1146\" data-end=\"1222\">\n<p data-start=\"1148\" data-end=\"1222\">R\u0119czna produkcja \u2013 ka\u017cdy egzemplarz jest starannie szlifowany i polerowany<\/p>\n<\/li>\n<\/ul>\n<p data-start=\"1224\" data-end=\"1266\">\ud83d\ude97 Idealna do codziennego u\u017cytkowania<\/p>\n<ul data-start=\"1267\" data-end=\"1424\">\n<li data-start=\"1267\" data-end=\"1318\">\n<p data-start=\"1269\" data-end=\"1318\">Ergonomiczny kszta\u0142t \u2013 komfortowa zmiana bieg\u00f3w<\/p>\n<\/li>\n<li data-start=\"1319\" data-end=\"1359\">\n<p data-start=\"1321\" data-end=\"1359\">Odporno\u015b\u0107 na \u015bcieranie i temperatur\u0119<\/p>\n<\/li>\n<li data-start=\"1360\" data-end=\"1424\">\n<p data-start=\"1362\" data-end=\"1424\">Pasuje do wi\u0119kszo\u015bci samochod\u00f3w (mo\u017cliwo\u015b\u0107 dopasowania gwintu)<\/p>\n<\/li>\n<\/ul>\n<p data-start=\"1426\" data-end=\"1452\">\ud83c\udf81 Idealna na prezent<\/p>\n<p data-start=\"1453\" data-end=\"1577\">Personalizowana ga\u0142ka zmiany bieg\u00f3w to doskona\u0142y pomys\u0142 na prezent dla fana motoryzacji lub osoby ceni\u0105cej unikalne dodatki.<\/p>\n<p>\ud83d\ude9a <strong data-start=\"170\" data-end=\"207\">DARMOWA WYSY\u0141KA NA TERENIE POLSKI<\/strong><\/p>\n","protected":false},"excerpt":{"rendered":"<p>Ga\u0142ka zmiany bieg\u00f3w z \u017cywicy epoksydowej \u2013 unikatowy design na zam\u00f3wienie &nbsp; Nadaj wn\u0119trzu swojego auta niepowtarzalny charakter dzi\u0119ki r\u0119cznie wykonanej ga\u0142ce zmiany bieg\u00f3w z wysokiej jako\u015bci \u017cywicy epoksydowej. Ka\u017cdy egzemplarz to unikat \u2013 tworzony z dba\u0142o\u015bci\u0105 o detale i mo\u017cliwo\u015b\u0107 pe\u0142nej personalizacji. \u2728 Personalizacja bez ogranicze\u0144 Zatopienie dowolnego elementu \u2013 mo\u017cemy umie\u015bci\u0107 w \u017cywicy Tw\u00f3j w\u0142asny przedmiot (o odpowiednich wymiarach). Wystarczy, \u017ce wy\u015blesz go do nas kurierem. Elementy tematyczne \u2013 je\u015bli nie masz w\u0142asnego dodatku, pomo\u017cemy dobra\u0107 element pasuj\u0105cy do Twoich zainteresowa\u0144 (motoryzacja, gaming, militaria, popkultura i wiele wi\u0119cej). Wydruk 3D \u2013 istnieje mo\u017cliwo\u015b\u0107 zatopienia specjalnie przygotowanego elementu wykonanego na drukarce 3D. \ud83d\udee0\ufe0f Solidne wykonanie Ga\u0142ka wykonana w 100% z \u017cywicy epoksydowej o wysokiej odporno\u015bci i estetycznym wyko\u0144czeniu Stalowy gwint zapewniaj\u0105cy trwa\u0142o\u015b\u0107 oraz pewne i stabilne mocowanie R\u0119czna produkcja \u2013 ka\u017cdy egzemplarz jest starannie szlifowany i polerowany \ud83d\ude97 Idealna do codziennego u\u017cytkowania Ergonomiczny kszta\u0142t \u2013 komfortowa zmiana bieg\u00f3w Odporno\u015b\u0107 na \u015bcieranie i temperatur\u0119 Pasuje do wi\u0119kszo\u015bci samochod\u00f3w (mo\u017cliwo\u015b\u0107 dopasowania gwintu) \ud83c\udf81 Idealna na prezent Personalizowana ga\u0142ka zmiany bieg\u00f3w to doskona\u0142y pomys\u0142 na prezent dla fana motoryzacji lub osoby ceni\u0105cej unikalne dodatki. \ud83d\ude9a DARMOWA WYSY\u0141KA NA TERENIE POLSKI<\/p>\n","protected":false},"featured_media":91,"comment_status":"open","ping_status":"closed","template":"","meta":[],"product_brand":[],"product_cat":[15,18,21],"product_tag":[],"class_list":{"0":"post-101","1":"product","2":"type-product","3":"status-publish","4":"has-post-thumbnail","6":"product_cat-wszystko","7":"product_cat-galki-zmiany-biegow","8":"product_cat-galki-zmiany-biegow-na-zamowinie","10":"first","11":"onbackorder","12":"featured","13":"shipping-taxable","14":"purchasable","15":"product-type-simple"},"_links":{"self":[{"href":"https:\/\/robimygale.pl\/index.php?rest_route=\/wp\/v2\/product\/101","targetHints":{"allow":["GET"]}}],"collection":[{"href":"https:\/\/robimygale.pl\/index.php?rest_route=\/wp\/v2\/product"}],"about":[{"href":"https:\/\/robimygale.pl\/index.php?rest_route=\/wp\/v2\/types\/product"}],"replies":[{"embeddable":true,"href":"https:\/\/robimygale.pl\/index.php?rest_route=%2Fwp%2Fv2%2Fcomments&post=101"}],"wp:featuredmedia":[{"embeddable":true,"href":"https:\/\/robimygale.pl\/index.php?rest_route=\/wp\/v2\/media\/91"}],"wp:attachment":[{"href":"https:\/\/robimygale.pl\/index.php?rest_route=%2Fwp%2Fv2%2Fmedia&parent=101"}],"wp:term":[{"taxonomy":"product_brand","embeddable":true,"href":"https:\/\/robimygale.pl\/index.php?rest_route=%2Fwp%2Fv2%2Fproduct_brand&post=101"},{"taxonomy":"product_cat","embeddable":true,"href":"https:\/\/robimygale.pl\/index.php?rest_route=%2Fwp%2Fv2%2Fproduct_cat&post=101"},{"taxonomy":"product_tag","embeddable":true,"href":"https:\/\/robimygale.pl\/index.php?rest_route=%2Fwp%2Fv2%2Fproduct_tag&post=101"}],"curies":[{"name":"wp","href":"https:\/\/api.w.org\/{rel}","templated":true}]}}