{"id":108,"date":"2026-01-03T00:22:29","date_gmt":"2026-01-02T23:22:29","guid":{"rendered":"https:\/\/robimygale.pl\/?post_type=product&#038;p=108"},"modified":"2026-01-03T00:36:02","modified_gmt":"2026-01-02T23:36:02","slug":"galka-zmiany-biegow-z-zywicy-epoksydowej-kopia","status":"publish","type":"product","link":"https:\/\/robimygale.pl\/?product=galka-zmiany-biegow-z-zywicy-epoksydowej-kopia","title":{"rendered":"Ga\u0142ka zmiany bieg\u00f3w z drewna i \u017cywicy epoksydowej"},"content":{"rendered":"<h1 data-start=\"313\" data-end=\"398\">Ga\u0142ka zmiany bieg\u00f3w z drewna i \u017cywicy \u2013 unikalne po\u0142\u0105czenie natury i sztuki<\/h1>\n<p>&nbsp;<\/p>\n<p data-start=\"400\" data-end=\"651\">Dodaj swojemu wn\u0119trzu <strong data-start=\"422\" data-end=\"445\">wyj\u0105tkowy charakter<\/strong> dzi\u0119ki r\u0119cznie wykonanej ga\u0142ce, kt\u00f3ra \u0142\u0105czy <strong data-start=\"490\" data-end=\"561\">ciep\u0142o naturalnego drewna z artystycznym efektem \u017cywicy epoksydowej<\/strong>. Ka\u017cdy egzemplarz jest <strong data-start=\"585\" data-end=\"611\">jedyny w swoim rodzaju<\/strong>, z mo\u017cliwo\u015bci\u0105 pe\u0142nej personalizacji.<\/p>\n<p data-start=\"653\" data-end=\"683\">\u2728 Personalizacja i styl<\/p>\n<ul data-start=\"684\" data-end=\"956\">\n<li data-start=\"684\" data-end=\"773\">\n<p data-start=\"686\" data-end=\"773\">Mo\u017cliwo\u015b\u0107 zatopienia <strong data-start=\"707\" data-end=\"762\">Twojego przedmiotu, motywu lub drobnego elementu 3D<\/strong> w \u017cywicy<\/p>\n<\/li>\n<li data-start=\"774\" data-end=\"873\">\n<p data-start=\"776\" data-end=\"873\">Drewno nadaje <strong data-start=\"790\" data-end=\"821\">elegancki, naturalny wygl\u0105d<\/strong>, \u017cywica wprowadza nowoczesny akcent kolorystyczny<\/p>\n<\/li>\n<li data-start=\"874\" data-end=\"956\">\n<p data-start=\"876\" data-end=\"956\">R\u0119czne <strong data-start=\"883\" data-end=\"912\">szlifowanie i polerowanie<\/strong> zapewnia perfekcyjnie g\u0142adk\u0105 powierzchni\u0119<\/p>\n<\/li>\n<\/ul>\n<p data-start=\"958\" data-end=\"994\">\ud83d\udee0\ufe0f Trwa\u0142o\u015b\u0107 i funkcjonalno\u015b\u0107<\/p>\n<ul data-start=\"995\" data-end=\"1143\">\n<li data-start=\"995\" data-end=\"1042\">\n<p data-start=\"997\" data-end=\"1042\"><strong data-start=\"997\" data-end=\"1014\">Stalowy gwint<\/strong> gwarantuj\u0105cy pewny monta\u017c<\/p>\n<\/li>\n<li data-start=\"1043\" data-end=\"1091\">\n<p data-start=\"1045\" data-end=\"1091\">Odporno\u015b\u0107 na \u015bcieranie i wysokie temperatury<\/p>\n<\/li>\n<li data-start=\"1092\" data-end=\"1143\">\n<p data-start=\"1094\" data-end=\"1143\">Ergonomiczny kszta\u0142t dla wygodnej zmiany bieg\u00f3w<\/p>\n<\/li>\n<\/ul>\n<p data-start=\"1145\" data-end=\"1186\">\ud83d\ude97 Komfort codziennego u\u017cytkowania<\/p>\n<ul data-start=\"1187\" data-end=\"1327\">\n<li data-start=\"1187\" data-end=\"1223\">\n<p data-start=\"1189\" data-end=\"1223\">Idealna do wi\u0119kszo\u015bci samochod\u00f3w<\/p>\n<\/li>\n<li data-start=\"1224\" data-end=\"1273\">\n<p data-start=\"1226\" data-end=\"1273\">G\u0142adka powierzchnia zapewnia komfortowy chwyt<\/p>\n<\/li>\n<li data-start=\"1274\" data-end=\"1327\">\n<p data-start=\"1276\" data-end=\"1327\">Naturalne drewno dodaje wn\u0119trzu ciep\u0142a i presti\u017cu<\/p>\n<\/li>\n<\/ul>\n<p data-start=\"1329\" data-end=\"1359\">\ud83c\udf81 Doskona\u0142a na prezent<\/p>\n<p>\ud83d\ude9a <strong data-start=\"170\" data-end=\"207\">DARMOWA WYSY\u0141KA NA TERENIE POLSKI<\/strong><\/p>\n<p data-start=\"1360\" data-end=\"1527\">Po\u0142\u0105czenie drewna i \u017cywicy to <strong data-start=\"1390\" data-end=\"1411\">wyj\u0105tkowy dodatek<\/strong>, kt\u00f3ry sprawdzi si\u0119 jako prezent dla fan\u00f3w motoryzacji lub mi\u0142o\u015bnik\u00f3w unikatowych, r\u0119cznie wykonanych akcesori\u00f3w.<\/p>\n","protected":false},"excerpt":{"rendered":"<p>Ga\u0142ka zmiany bieg\u00f3w z drewna i \u017cywicy \u2013 unikalne po\u0142\u0105czenie natury i sztuki &nbsp; Dodaj swojemu wn\u0119trzu wyj\u0105tkowy charakter dzi\u0119ki r\u0119cznie wykonanej ga\u0142ce, kt\u00f3ra \u0142\u0105czy ciep\u0142o naturalnego drewna z artystycznym efektem \u017cywicy epoksydowej. Ka\u017cdy egzemplarz jest jedyny w swoim rodzaju, z mo\u017cliwo\u015bci\u0105 pe\u0142nej personalizacji. \u2728 Personalizacja i styl Mo\u017cliwo\u015b\u0107 zatopienia Twojego przedmiotu, motywu lub drobnego elementu 3D w \u017cywicy Drewno nadaje elegancki, naturalny wygl\u0105d, \u017cywica wprowadza nowoczesny akcent kolorystyczny R\u0119czne szlifowanie i polerowanie zapewnia perfekcyjnie g\u0142adk\u0105 powierzchni\u0119 \ud83d\udee0\ufe0f Trwa\u0142o\u015b\u0107 i funkcjonalno\u015b\u0107 Stalowy gwint gwarantuj\u0105cy pewny monta\u017c Odporno\u015b\u0107 na \u015bcieranie i wysokie temperatury Ergonomiczny kszta\u0142t dla wygodnej zmiany bieg\u00f3w \ud83d\ude97 Komfort codziennego u\u017cytkowania Idealna do wi\u0119kszo\u015bci samochod\u00f3w G\u0142adka powierzchnia zapewnia komfortowy chwyt Naturalne drewno dodaje wn\u0119trzu ciep\u0142a i presti\u017cu \ud83c\udf81 Doskona\u0142a na prezent \ud83d\ude9a DARMOWA WYSY\u0141KA NA TERENIE POLSKI Po\u0142\u0105czenie drewna i \u017cywicy to wyj\u0105tkowy dodatek, kt\u00f3ry sprawdzi si\u0119 jako prezent dla fan\u00f3w motoryzacji lub mi\u0142o\u015bnik\u00f3w unikatowych, r\u0119cznie wykonanych akcesori\u00f3w.<\/p>\n","protected":false},"featured_media":111,"comment_status":"open","ping_status":"closed","template":"","meta":[],"product_brand":[],"product_cat":[15,18,21],"product_tag":[],"class_list":{"0":"post-108","1":"product","2":"type-product","3":"status-publish","4":"has-post-thumbnail","6":"product_cat-wszystko","7":"product_cat-galki-zmiany-biegow","8":"product_cat-galki-zmiany-biegow-na-zamowinie","10":"first","11":"onbackorder","12":"featured","13":"shipping-taxable","14":"purchasable","15":"product-type-simple"},"_links":{"self":[{"href":"https:\/\/robimygale.pl\/index.php?rest_route=\/wp\/v2\/product\/108","targetHints":{"allow":["GET"]}}],"collection":[{"href":"https:\/\/robimygale.pl\/index.php?rest_route=\/wp\/v2\/product"}],"about":[{"href":"https:\/\/robimygale.pl\/index.php?rest_route=\/wp\/v2\/types\/product"}],"replies":[{"embeddable":true,"href":"https:\/\/robimygale.pl\/index.php?rest_route=%2Fwp%2Fv2%2Fcomments&post=108"}],"wp:featuredmedia":[{"embeddable":true,"href":"https:\/\/robimygale.pl\/index.php?rest_route=\/wp\/v2\/media\/111"}],"wp:attachment":[{"href":"https:\/\/robimygale.pl\/index.php?rest_route=%2Fwp%2Fv2%2Fmedia&parent=108"}],"wp:term":[{"taxonomy":"product_brand","embeddable":true,"href":"https:\/\/robimygale.pl\/index.php?rest_route=%2Fwp%2Fv2%2Fproduct_brand&post=108"},{"taxonomy":"product_cat","embeddable":true,"href":"https:\/\/robimygale.pl\/index.php?rest_route=%2Fwp%2Fv2%2Fproduct_cat&post=108"},{"taxonomy":"product_tag","embeddable":true,"href":"https:\/\/robimygale.pl\/index.php?rest_route=%2Fwp%2Fv2%2Fproduct_tag&post=108"}],"curies":[{"name":"wp","href":"https:\/\/api.w.org\/{rel}","templated":true}]}}